{"id":600,"date":"2021-07-04T22:19:24","date_gmt":"2021-07-04T22:19:24","guid":{"rendered":"https:\/\/stage.startertemplatecloud.com\/g11\/?page_id=600"},"modified":"2026-03-18T16:16:23","modified_gmt":"2026-03-18T16:16:23","slug":"sobre","status":"publish","type":"page","link":"https:\/\/upculture.pt\/en\/sobre\/","title":{"rendered":"ABOUT"},"content":{"rendered":"<style>.kb-row-layout-id600_75d42a-c7 > .kt-row-column-wrap{align-content:start;}:where(.kb-row-layout-id600_75d42a-c7 > .kt-row-column-wrap) > .wp-block-kadence-column{justify-content:start;}.kb-row-layout-id600_75d42a-c7 > .kt-row-column-wrap{column-gap:var(--global-kb-gap-md, 2rem);row-gap:var(--global-kb-gap-md, 2rem);max-width:1230px;margin-left:auto;margin-right:auto;padding-top:100px;padding-right:0px;padding-bottom:50px;padding-left:0px;grid-template-columns:minmax(0, 1fr);}.kb-row-layout-id600_75d42a-c7{background-image:url('https:\/\/upculture.pt\/wp-content\/uploads\/2021\/03\/yvette-de-wit-8XLapfNMW04-unsplash.jpg');background-size:cover;background-position:center center;background-attachment:scroll;background-repeat:no-repeat;}.kb-row-layout-id600_75d42a-c7 > .kt-row-layout-overlay{opacity:0.90;background:linear-gradient(180deg, var(--global-palette4) 35%, var(--global-palette3) 100%);}@media all and (max-width: 1024px){.kb-row-layout-id600_75d42a-c7 > .kt-row-column-wrap{grid-template-columns:minmax(0, 1fr);}}@media all and (max-width: 767px){.kb-row-layout-id600_75d42a-c7 > .kt-row-column-wrap{padding-top:120px;padding-right:20px;padding-bottom:30px;padding-left:20px;grid-template-columns:minmax(0, 1fr);}}<\/style><div class=\"kb-row-layout-wrap kb-row-layout-id600_75d42a-c7 alignnone kt-row-has-bg wp-block-kadence-rowlayout\"><div class=\"kt-row-layout-overlay kt-row-overlay-gradient\"><\/div><div class=\"kt-row-column-wrap kt-has-1-columns kt-row-layout-equal kt-tab-layout-inherit kt-mobile-layout-row kt-row-valign-top\">\n<style>.kadence-column600_6f0e7f-d4 > .kt-inside-inner-col{padding-top:0px;padding-right:0px;padding-bottom:0px;padding-left:0px;}.kadence-column600_6f0e7f-d4 > .kt-inside-inner-col,.kadence-column600_6f0e7f-d4 > .kt-inside-inner-col:before{border-top-left-radius:0px;border-top-right-radius:0px;border-bottom-right-radius:0px;border-bottom-left-radius:0px;}.kadence-column600_6f0e7f-d4 > .kt-inside-inner-col{column-gap:var(--global-kb-gap-sm, 1rem);}.kadence-column600_6f0e7f-d4 > .kt-inside-inner-col{flex-direction:column;}.kadence-column600_6f0e7f-d4 > .kt-inside-inner-col > .aligncenter{width:100%;}.kadence-column600_6f0e7f-d4 > .kt-inside-inner-col:before{opacity:0.3;}.kadence-column600_6f0e7f-d4{position:relative;}@media all and (max-width: 1024px){.kadence-column600_6f0e7f-d4 > .kt-inside-inner-col{flex-direction:column;justify-content:center;}}@media all and (max-width: 767px){.kadence-column600_6f0e7f-d4 > .kt-inside-inner-col{flex-direction:column;justify-content:center;}}<\/style>\n<div class=\"wp-block-kadence-column kadence-column600_6f0e7f-d4 inner-column-1\"><div class=\"kt-inside-inner-col\"><style>.kb-row-layout-id600_af5af7-bb > .kt-row-column-wrap{align-content:start;}:where(.kb-row-layout-id600_af5af7-bb > .kt-row-column-wrap) > .wp-block-kadence-column{justify-content:start;}.kb-row-layout-id600_af5af7-bb > .kt-row-column-wrap{column-gap:var(--global-kb-gap-none, 0rem );row-gap:var(--global-kb-gap-none, 0rem );max-width:1230px;margin-left:auto;margin-right:auto;padding-top:0px;padding-right:0px;padding-bottom:0px;padding-left:0px;grid-template-columns:minmax(0, 1fr);}.kb-row-layout-id600_af5af7-bb > .kt-row-layout-overlay{opacity:0.30;}@media all and (max-width: 1024px){.kb-row-layout-id600_af5af7-bb > .kt-row-column-wrap{padding-top:0px;padding-right:50px;padding-bottom:0px;padding-left:40px;grid-template-columns:minmax(0, 1fr);}}@media all and (max-width: 767px){.kb-row-layout-id600_af5af7-bb > .kt-row-column-wrap{padding-top:0px;padding-right:0px;padding-bottom:0px;padding-left:0px;grid-template-columns:minmax(0, 1fr);}}<\/style><div class=\"kb-row-layout-wrap kb-row-layout-id600_af5af7-bb alignnone wp-block-kadence-rowlayout\"><div class=\"kt-row-column-wrap kt-has-1-columns kt-row-layout-equal kt-tab-layout-inherit kt-mobile-layout-row kt-row-valign-top\">\n<style>.kadence-column600_f61487-7d > .kt-inside-inner-col{display:flex;}.kadence-column600_f61487-7d > .kt-inside-inner-col{padding-top:10px;padding-right:10px;padding-bottom:10px;padding-left:10px;}.kadence-column600_f61487-7d > .kt-inside-inner-col,.kadence-column600_f61487-7d > .kt-inside-inner-col:before{border-top-left-radius:0px;border-top-right-radius:0px;border-bottom-right-radius:0px;border-bottom-left-radius:0px;}.kadence-column600_f61487-7d > .kt-inside-inner-col{column-gap:var(--global-kb-gap-sm, 1rem);}.kadence-column600_f61487-7d > .kt-inside-inner-col{flex-direction:column;align-items:center;}.kadence-column600_f61487-7d > .kt-inside-inner-col > .kb-image-is-ratio-size{align-self:stretch;}.kadence-column600_f61487-7d > .kt-inside-inner-col > .wp-block-kadence-advancedgallery{align-self:stretch;}.kadence-column600_f61487-7d > .kt-inside-inner-col > .aligncenter{width:100%;}.kadence-column600_f61487-7d > .kt-inside-inner-col:before{opacity:0.3;}.kadence-column600_f61487-7d{text-align:center;}.kadence-column600_f61487-7d{position:relative;}@media all and (max-width: 1024px){.kadence-column600_f61487-7d > .kt-inside-inner-col{flex-direction:column;justify-content:center;align-items:center;}}@media all and (max-width: 767px){.kadence-column600_f61487-7d > .kt-inside-inner-col{flex-direction:column;justify-content:center;align-items:center;}}<\/style>\n<div class=\"wp-block-kadence-column kadence-column600_f61487-7d inner-column-1\"><div class=\"kt-inside-inner-col\"><style>.wp-block-kadence-advancedheading.kt-adv-heading600_ffdff1-e3, .wp-block-kadence-advancedheading.kt-adv-heading600_ffdff1-e3[data-kb-block=\"kb-adv-heading600_ffdff1-e3\"]{margin-bottom:26px;font-size:var(--global-kb-font-size-xl, 3rem);line-height:1em;font-style:normal;text-transform:uppercase;}.wp-block-kadence-advancedheading.kt-adv-heading600_ffdff1-e3 mark.kt-highlight, .wp-block-kadence-advancedheading.kt-adv-heading600_ffdff1-e3[data-kb-block=\"kb-adv-heading600_ffdff1-e3\"] mark.kt-highlight{font-style:normal;color:#f76a0c;-webkit-box-decoration-break:clone;box-decoration-break:clone;padding-top:0px;padding-right:0px;padding-bottom:0px;padding-left:0px;}.wp-block-kadence-advancedheading.kt-adv-heading600_ffdff1-e3 img.kb-inline-image, .wp-block-kadence-advancedheading.kt-adv-heading600_ffdff1-e3[data-kb-block=\"kb-adv-heading600_ffdff1-e3\"] img.kb-inline-image{width:150px;vertical-align:baseline;}@media all and (max-width: 1024px){.wp-block-kadence-advancedheading.kt-adv-heading600_ffdff1-e3, .wp-block-kadence-advancedheading.kt-adv-heading600_ffdff1-e3[data-kb-block=\"kb-adv-heading600_ffdff1-e3\"]{text-align:center!important;}}@media all and (max-width: 767px){.wp-block-kadence-advancedheading.kt-adv-heading600_ffdff1-e3, .wp-block-kadence-advancedheading.kt-adv-heading600_ffdff1-e3[data-kb-block=\"kb-adv-heading600_ffdff1-e3\"]{font-size:42px;}}<\/style>\n<h1 class=\"kt-adv-heading600_ffdff1-e3 wp-block-kadence-advancedheading has-theme-palette-9-color has-text-color\" data-kb-block=\"kb-adv-heading600_ffdff1-e3\"><strong>Sobre a Up Culture<\/strong><\/h1>\n<\/div><\/div>\n\n<\/div><\/div><\/div><\/div>\n\n<\/div><\/div>\n\n<style>.kb-row-layout-id600_f44636-0d > .kt-row-column-wrap{align-content:start;}:where(.kb-row-layout-id600_f44636-0d > .kt-row-column-wrap) > .wp-block-kadence-column{justify-content:start;}.kb-row-layout-id600_f44636-0d > .kt-row-column-wrap{column-gap:var(--global-kb-gap-none, 0rem );row-gap:var(--global-kb-gap-none, 0rem );max-width:1200px;margin-left:auto;margin-right:auto;padding-top:50px;padding-right:0px;padding-bottom:50px;padding-left:0px;grid-template-columns:minmax(0, 1fr);}.kb-row-layout-id600_f44636-0d > .kt-row-layout-overlay{opacity:0.84;}@media all and (max-width: 1024px){.kb-row-layout-id600_f44636-0d > .kt-row-column-wrap{padding-top:0px;padding-right:20px;padding-bottom:80px;padding-left:20px;grid-template-columns:minmax(0, 1fr);}}@media all and (max-width: 767px){.kb-row-layout-id600_f44636-0d > .kt-row-column-wrap{padding-top:30px;padding-right:20px;padding-bottom:60px;padding-left:20px;grid-template-columns:minmax(0, 1fr);}}<\/style><div class=\"kb-row-layout-wrap kb-row-layout-id600_f44636-0d alignnone has-theme-palette2-background-color kt-row-has-bg wp-block-kadence-rowlayout\"><div class=\"kt-blocks-carousel kb-blocks-bg-slider kt-carousel-container-dotstyle-dark\"><div class=\"kt-blocks-carousel-init splide kb-blocks-bg-slider-init kt-carousel-arrowstyle-none kt-carousel-dotstyle-dark\" data-slider-anim-speed=\"400\" data-slider-type=\"slider\" data-slider-scroll=\"1\" data-slider-arrows=\"false\" data-slider-fade=\"true\" data-slider-dots=\"true\" data-slider-hover-pause=\"false\" data-slider-auto=\"true\" data-slider-speed=\"7000\" data-show-pause-button=\"false\"><div class=\"splide__track\"><ul class=\"splide__list\"><li class=\"splide__slide kb-bg-slide-contain\"><div  class=\"kb-bg-slide kb-bg-slide-0\" style=\"background-color:var(--global-palette2, #2B6CB0);\"><\/div><\/li><\/ul><\/div><\/div><\/div><div class=\"kt-row-column-wrap kt-has-1-columns kt-row-layout-equal kt-tab-layout-inherit kt-mobile-layout-row kt-row-valign-top\">\n<style>.kadence-column600_186f95-2a > .kt-inside-inner-col{display:flex;}.kadence-column600_186f95-2a > .kt-inside-inner-col{padding-top:10px;padding-right:10px;padding-bottom:10px;padding-left:10px;}.kadence-column600_186f95-2a > .kt-inside-inner-col,.kadence-column600_186f95-2a > .kt-inside-inner-col:before{border-top-left-radius:0px;border-top-right-radius:0px;border-bottom-right-radius:0px;border-bottom-left-radius:0px;}.kadence-column600_186f95-2a > .kt-inside-inner-col{row-gap:var(--global-kb-gap-none, 0rem );column-gap:var(--global-kb-gap-sm, 1rem);}.kadence-column600_186f95-2a > .kt-inside-inner-col{flex-direction:column;justify-content:flex-start;align-items:center;}.kadence-column600_186f95-2a > .kt-inside-inner-col > .kb-image-is-ratio-size{align-self:stretch;}.kadence-column600_186f95-2a > .kt-inside-inner-col > .wp-block-kadence-advancedgallery{align-self:stretch;}.kadence-column600_186f95-2a > .kt-inside-inner-col > .aligncenter{width:100%;}.kt-row-column-wrap > .kadence-column600_186f95-2a{align-self:flex-start;}.kt-inner-column-height-full:not(.kt-has-1-columns) > .wp-block-kadence-column.kadence-column600_186f95-2a{align-self:auto;}.kt-inner-column-height-full:not(.kt-has-1-columns) > .wp-block-kadence-column.kadence-column600_186f95-2a > .kt-inside-inner-col{flex-direction:column;justify-content:flex-start;}.kadence-column600_186f95-2a > .kt-inside-inner-col:before{opacity:0.3;}.kadence-column600_186f95-2a{text-align:center;}.kadence-column600_186f95-2a{position:relative;}@media all and (max-width: 1024px){.kt-row-column-wrap > .kadence-column600_186f95-2a{align-self:flex-start;}}@media all and (max-width: 1024px){.kt-inner-column-height-full:not(.kt-has-1-columns) > .wp-block-kadence-column.kadence-column600_186f95-2a{align-self:auto;}}@media all and (max-width: 1024px){.kt-inner-column-height-full:not(.kt-has-1-columns) > .wp-block-kadence-column.kadence-column600_186f95-2a > .kt-inside-inner-col{flex-direction:column;justify-content:flex-start;}}@media all and (max-width: 1024px){.kadence-column600_186f95-2a > .kt-inside-inner-col{flex-direction:column;justify-content:flex-start;align-items:center;}}@media all and (max-width: 767px){.kt-row-column-wrap > .kadence-column600_186f95-2a{align-self:flex-start;}.kt-inner-column-height-full:not(.kt-has-1-columns) > .wp-block-kadence-column.kadence-column600_186f95-2a{align-self:auto;}.kt-inner-column-height-full:not(.kt-has-1-columns) > .wp-block-kadence-column.kadence-column600_186f95-2a > .kt-inside-inner-col{flex-direction:column;justify-content:flex-start;}.kadence-column600_186f95-2a > .kt-inside-inner-col{flex-direction:column;justify-content:flex-start;align-items:center;}}<\/style>\n<div class=\"wp-block-kadence-column kadence-column600_186f95-2a inner-column-1\"><div class=\"kt-inside-inner-col\"><style>.wp-block-kadence-advancedheading.kt-adv-heading600_02dfa0-7c, .wp-block-kadence-advancedheading.kt-adv-heading600_02dfa0-7c[data-kb-block=\"kb-adv-heading600_02dfa0-7c\"]{max-width:900px;margin-right:auto;margin-left:auto;text-align:center;font-size:var(--global-kb-font-size-md, 1.25rem);font-weight:400;font-style:normal;font-family:Montserrat;text-transform:none;}.wp-block-kadence-advancedheading.kt-adv-heading600_02dfa0-7c mark.kt-highlight, .wp-block-kadence-advancedheading.kt-adv-heading600_02dfa0-7c[data-kb-block=\"kb-adv-heading600_02dfa0-7c\"] mark.kt-highlight{font-style:normal;color:#f76a0c;-webkit-box-decoration-break:clone;box-decoration-break:clone;padding-top:0px;padding-right:0px;padding-bottom:0px;padding-left:0px;}.wp-block-kadence-advancedheading.kt-adv-heading600_02dfa0-7c img.kb-inline-image, .wp-block-kadence-advancedheading.kt-adv-heading600_02dfa0-7c[data-kb-block=\"kb-adv-heading600_02dfa0-7c\"] img.kb-inline-image{width:150px;vertical-align:baseline;}<\/style>\n<h4 class=\"kt-adv-heading600_02dfa0-7c wp-block-kadence-advancedheading has-theme-palette-9-color has-text-color\" data-kb-block=\"kb-adv-heading600_02dfa0-7c\">A Up Culture nasce de mais de uma d\u00e9cada no terreno, a produzir e ativar eventos com escala real, exig\u00eancia t\u00e9cnica e aten\u00e7\u00e3o total \u00e0 experi\u00eancia. Ao longo destes anos, trabalh\u00e1mos em contextos de elevada visibilidade e complexidade, o que nos deu m\u00e9todo, rede e um padr\u00e3o de execu\u00e7\u00e3o que hoje aplicamos de forma transversal.<br>Atualmente, a Up Culture opera como uma estrutura de produ\u00e7\u00e3o e dire\u00e7\u00e3o de experi\u00eancias para empresas, marcas e institui\u00e7\u00f5es, com capacidade para planear, coordenar e entregar projetos corporate e culturais, do conceito \u00e0 opera\u00e7\u00e3o no local. A nossa abordagem junta rigor log\u00edstico, curadoria e sensibilidade est\u00e9tica, para garantir eventos coerentes, bem desenhados e com impacto.<br>Em paralelo, estamos a expandir a oferta para uma nova vaga de neg\u00f3cio em curadoria musical, desenvolvendo solu\u00e7\u00f5es de programa\u00e7\u00e3o e sele\u00e7\u00e3o musical para espa\u00e7os e marcas que precisam de identidade sonora consistente, alinhada com o seu p\u00fablico e com os objetivos do neg\u00f3cio. Em tudo o que fazemos, o princ\u00edpio \u00e9 o mesmo: profissionalizar a cultura, elevar o padr\u00e3o e entregar resultados com clareza e consist\u00eancia.<\/h4>\n<\/div><\/div>\n\n<\/div><\/div>\n\n<style>.kb-row-layout-id600_a7fab0-c6 > .kt-row-column-wrap{align-content:start;}:where(.kb-row-layout-id600_a7fab0-c6 > .kt-row-column-wrap) > .wp-block-kadence-column{justify-content:start;}.kb-row-layout-id600_a7fab0-c6 > .kt-row-column-wrap{column-gap:var(--global-kb-gap-md, 2rem);row-gap:var(--global-kb-gap-md, 2rem);max-width:1230px;margin-left:auto;margin-right:auto;padding-top:60px;padding-right:0px;padding-bottom:60px;padding-left:0px;grid-template-columns:minmax(0, 1fr);}.kb-row-layout-id600_a7fab0-c6 > .kt-row-layout-overlay{opacity:0.40;background-image:url('https:\/\/upculture.pt\/wp-content\/uploads\/2021\/03\/03.png');background-size:cover;background-position:center center;background-attachment:scroll;background-repeat:no-repeat;}@media all and (max-width: 1024px){.kb-row-layout-id600_a7fab0-c6 > .kt-row-column-wrap{padding-top:0px;padding-right:20px;padding-bottom:80px;padding-left:20px;grid-template-columns:minmax(0, 1fr);}}@media all and (max-width: 767px){.kb-row-layout-id600_a7fab0-c6 > .kt-row-column-wrap{padding-top:30px;padding-right:0px;padding-bottom:60px;padding-left:0px;grid-template-columns:minmax(0, 1fr);}}<\/style><div class=\"kb-row-layout-wrap kb-row-layout-id600_a7fab0-c6 alignnone has-theme-palette3-background-color kt-row-has-bg wp-block-kadence-rowlayout\"><div class=\"kt-row-layout-overlay kt-row-overlay-normal\"><\/div><div class=\"kt-row-column-wrap kt-has-1-columns kt-row-layout-equal kt-tab-layout-inherit kt-mobile-layout-row kt-row-valign-top\">\n<style>.kadence-column600_63558c-a2 > .kt-inside-inner-col{display:flex;}.kadence-column600_63558c-a2 > .kt-inside-inner-col{padding-top:0px;padding-right:0px;padding-bottom:0px;padding-left:0px;}.kadence-column600_63558c-a2 > .kt-inside-inner-col,.kadence-column600_63558c-a2 > .kt-inside-inner-col:before{border-top-left-radius:0px;border-top-right-radius:0px;border-bottom-right-radius:0px;border-bottom-left-radius:0px;}.kadence-column600_63558c-a2 > .kt-inside-inner-col{column-gap:var(--global-kb-gap-sm, 1rem);}.kadence-column600_63558c-a2 > .kt-inside-inner-col{flex-direction:column;justify-content:flex-start;align-items:center;}.kadence-column600_63558c-a2 > .kt-inside-inner-col > .kb-image-is-ratio-size{align-self:stretch;}.kadence-column600_63558c-a2 > .kt-inside-inner-col > .wp-block-kadence-advancedgallery{align-self:stretch;}.kadence-column600_63558c-a2 > .kt-inside-inner-col > .aligncenter{width:100%;}.kt-row-column-wrap > .kadence-column600_63558c-a2{align-self:flex-start;}.kt-inner-column-height-full:not(.kt-has-1-columns) > .wp-block-kadence-column.kadence-column600_63558c-a2{align-self:auto;}.kt-inner-column-height-full:not(.kt-has-1-columns) > .wp-block-kadence-column.kadence-column600_63558c-a2 > .kt-inside-inner-col{flex-direction:column;justify-content:flex-start;}.kadence-column600_63558c-a2 > .kt-inside-inner-col:before{opacity:0.3;}.kadence-column600_63558c-a2{position:relative;}@media all and (max-width: 1024px){.kt-row-column-wrap > .kadence-column600_63558c-a2{align-self:flex-start;}}@media all and (max-width: 1024px){.kt-inner-column-height-full:not(.kt-has-1-columns) > .wp-block-kadence-column.kadence-column600_63558c-a2{align-self:auto;}}@media all and (max-width: 1024px){.kt-inner-column-height-full:not(.kt-has-1-columns) > .wp-block-kadence-column.kadence-column600_63558c-a2 > .kt-inside-inner-col{flex-direction:column;justify-content:flex-start;}}@media all and (max-width: 1024px){.kadence-column600_63558c-a2 > .kt-inside-inner-col{flex-direction:column;justify-content:flex-start;align-items:center;}}@media all and (max-width: 767px){.kt-row-column-wrap > .kadence-column600_63558c-a2{align-self:flex-start;}.kt-inner-column-height-full:not(.kt-has-1-columns) > .wp-block-kadence-column.kadence-column600_63558c-a2{align-self:auto;}.kt-inner-column-height-full:not(.kt-has-1-columns) > .wp-block-kadence-column.kadence-column600_63558c-a2 > .kt-inside-inner-col{flex-direction:column;justify-content:flex-start;}.kadence-column600_63558c-a2 > .kt-inside-inner-col{flex-direction:column;justify-content:flex-start;align-items:center;}}<\/style>\n<div class=\"wp-block-kadence-column kadence-column600_63558c-a2 inner-column-1\"><div class=\"kt-inside-inner-col\"><style>.kb-row-layout-wrap.wp-block-kadence-rowlayout.kb-row-layout-id600_7515e2-ae{margin-top:50px;margin-bottom:0px;}.kb-row-layout-id600_7515e2-ae > .kt-row-column-wrap{align-content:start;}:where(.kb-row-layout-id600_7515e2-ae > .kt-row-column-wrap) > .wp-block-kadence-column{justify-content:start;}.kb-row-layout-id600_7515e2-ae > .kt-row-column-wrap{column-gap:var(--global-kb-gap-md, 2rem);row-gap:var(--global-kb-gap-md, 2rem);max-width:500px;margin-left:auto;margin-right:auto;padding-top:0px;padding-right:0px;padding-bottom:0px;padding-left:0px;grid-template-columns:minmax(0, 1fr);}.kb-row-layout-id600_7515e2-ae > .kt-row-layout-overlay{opacity:0.30;}@media all and (max-width: 1024px){.kb-row-layout-wrap.wp-block-kadence-rowlayout.kb-row-layout-id600_7515e2-ae{margin-top:50px;margin-bottom:20px;}}@media all and (max-width: 1024px){.kb-row-layout-id600_7515e2-ae > .kt-row-column-wrap{grid-template-columns:minmax(0, 1fr);}}@media all and (max-width: 767px){.kb-row-layout-wrap.wp-block-kadence-rowlayout.kb-row-layout-id600_7515e2-ae{margin-top:0px;margin-bottom:0px;}.kb-row-layout-id600_7515e2-ae > .kt-row-column-wrap{grid-template-columns:minmax(0, 1fr);}}<\/style><div class=\"kb-row-layout-wrap kb-row-layout-id600_7515e2-ae alignnone wp-block-kadence-rowlayout\"><div class=\"kt-row-column-wrap kt-has-1-columns kt-row-layout-equal kt-tab-layout-inherit kt-mobile-layout-row kt-row-valign-top\">\n<style>.kadence-column600_11baa7-4d > .kt-inside-inner-col{display:flex;}.kadence-column600_11baa7-4d > .kt-inside-inner-col{padding-top:10px;padding-right:10px;padding-bottom:10px;padding-left:10px;}.kadence-column600_11baa7-4d > .kt-inside-inner-col,.kadence-column600_11baa7-4d > .kt-inside-inner-col:before{border-top-left-radius:0px;border-top-right-radius:0px;border-bottom-right-radius:0px;border-bottom-left-radius:0px;}.kadence-column600_11baa7-4d > .kt-inside-inner-col{column-gap:var(--global-kb-gap-sm, 1rem);}.kadence-column600_11baa7-4d > .kt-inside-inner-col{flex-direction:column;justify-content:center;align-items:center;}.kadence-column600_11baa7-4d > .kt-inside-inner-col > .kb-image-is-ratio-size{align-self:stretch;}.kadence-column600_11baa7-4d > .kt-inside-inner-col > .wp-block-kadence-advancedgallery{align-self:stretch;}.kadence-column600_11baa7-4d > .kt-inside-inner-col > .aligncenter{width:100%;}.kt-row-column-wrap > .kadence-column600_11baa7-4d{align-self:center;}.kt-inner-column-height-full:not(.kt-has-1-columns) > .wp-block-kadence-column.kadence-column600_11baa7-4d{align-self:auto;}.kt-inner-column-height-full:not(.kt-has-1-columns) > .wp-block-kadence-column.kadence-column600_11baa7-4d > .kt-inside-inner-col{flex-direction:column;justify-content:center;}.kadence-column600_11baa7-4d > .kt-inside-inner-col:before{opacity:0.3;}.kadence-column600_11baa7-4d{text-align:center;}.kadence-column600_11baa7-4d{position:relative;}.kadence-column600_11baa7-4d, .kt-inside-inner-col > .kadence-column600_11baa7-4d:not(.specificity){margin-top:0px;margin-right:0px;margin-bottom:0px;margin-left:0px;}@media all and (max-width: 1024px){.kt-row-column-wrap > .kadence-column600_11baa7-4d{align-self:center;}}@media all and (max-width: 1024px){.kt-inner-column-height-full:not(.kt-has-1-columns) > .wp-block-kadence-column.kadence-column600_11baa7-4d{align-self:auto;}}@media all and (max-width: 1024px){.kt-inner-column-height-full:not(.kt-has-1-columns) > .wp-block-kadence-column.kadence-column600_11baa7-4d > .kt-inside-inner-col{flex-direction:column;justify-content:center;}}@media all and (max-width: 1024px){.kadence-column600_11baa7-4d > .kt-inside-inner-col{flex-direction:column;justify-content:center;align-items:center;}}@media all and (max-width: 1024px){.kadence-column600_11baa7-4d, .kt-inside-inner-col > .kadence-column600_11baa7-4d:not(.specificity){margin-top:30px;margin-right:0px;margin-bottom:0px;margin-left:0px;}}@media all and (max-width: 767px){.kt-row-column-wrap > .kadence-column600_11baa7-4d{align-self:center;}.kt-inner-column-height-full:not(.kt-has-1-columns) > .wp-block-kadence-column.kadence-column600_11baa7-4d{align-self:auto;}.kt-inner-column-height-full:not(.kt-has-1-columns) > .wp-block-kadence-column.kadence-column600_11baa7-4d > .kt-inside-inner-col{flex-direction:column;justify-content:center;}.kadence-column600_11baa7-4d > .kt-inside-inner-col{flex-direction:column;justify-content:center;align-items:center;}}<\/style>\n<div class=\"wp-block-kadence-column kadence-column600_11baa7-4d inner-column-1\"><div class=\"kt-inside-inner-col\"><style>.wp-block-kadence-advancedheading.kt-adv-heading600_f942e2-4f, .wp-block-kadence-advancedheading.kt-adv-heading600_f942e2-4f[data-kb-block=\"kb-adv-heading600_f942e2-4f\"]{margin-top:0px;margin-right:0px;margin-bottom:0px;margin-left:0px;text-align:center;line-height:1em;font-style:normal;}.wp-block-kadence-advancedheading.kt-adv-heading600_f942e2-4f mark.kt-highlight, .wp-block-kadence-advancedheading.kt-adv-heading600_f942e2-4f[data-kb-block=\"kb-adv-heading600_f942e2-4f\"] mark.kt-highlight{font-style:normal;color:#f76a0c;-webkit-box-decoration-break:clone;box-decoration-break:clone;padding-top:0px;padding-right:0px;padding-bottom:0px;padding-left:0px;}.wp-block-kadence-advancedheading.kt-adv-heading600_f942e2-4f img.kb-inline-image, .wp-block-kadence-advancedheading.kt-adv-heading600_f942e2-4f[data-kb-block=\"kb-adv-heading600_f942e2-4f\"] img.kb-inline-image{width:150px;vertical-align:baseline;}<\/style>\n<h2 class=\"kt-adv-heading600_f942e2-4f wp-block-kadence-advancedheading has-theme-palette-9-color has-text-color\" data-kb-block=\"kb-adv-heading600_f942e2-4f\">Defining Culture Creating Experiences<\/h2>\n<\/div><\/div>\n\n<\/div><\/div><\/div><\/div>\n\n<\/div><\/div>","protected":false},"excerpt":{"rendered":"<p>Sobre a Up Culture A Up Culture nasce de mais de uma d\u00e9cada no terreno, a produzir e ativar eventos com escala real, exig\u00eancia t\u00e9cnica e aten\u00e7\u00e3o total \u00e0 experi\u00eancia. Ao longo destes anos, trabalh\u00e1mos em contextos de elevada visibilidade e complexidade, o que nos deu m\u00e9todo, rede e um padr\u00e3o de execu\u00e7\u00e3o que hoje&#8230;<\/p>","protected":false},"author":1,"featured_media":0,"parent":0,"menu_order":0,"comment_status":"closed","ping_status":"closed","template":"","meta":{"_uag_custom_page_level_css":"","_kadence_starter_templates_imported_post":true,"_kad_post_transparent":"","_kad_post_title":"hide","_kad_post_layout":"fullwidth","_kad_post_sidebar_id":"","_kad_post_content_style":"unboxed","_kad_post_vertical_padding":"hide","_kad_post_feature":"hide","_kad_post_feature_position":"","_kad_post_header":false,"_kad_post_footer":false,"_kad_post_classname":"","footnotes":""},"class_list":["post-600","page","type-page","status-publish","hentry"],"uagb_featured_image_src":{"full":false,"thumbnail":false,"medium":false,"medium_large":false,"large":false,"1536x1536":false,"2048x2048":false,"trp-custom-language-flag":false},"uagb_author_info":{"display_name":"agold","author_link":"https:\/\/upculture.pt\/en\/author\/agold\/"},"uagb_comment_info":0,"uagb_excerpt":"Sobre a Up Culture A Up Culture nasce de mais de uma d\u00e9cada no terreno, a produzir e ativar eventos com escala real, exig\u00eancia t\u00e9cnica e aten\u00e7\u00e3o total \u00e0 experi\u00eancia. Ao longo destes anos, trabalh\u00e1mos em contextos de elevada visibilidade e complexidade, o que nos deu m\u00e9todo, rede e um padr\u00e3o de execu\u00e7\u00e3o que hoje...","_links":{"self":[{"href":"https:\/\/upculture.pt\/en\/wp-json\/wp\/v2\/pages\/600","targetHints":{"allow":["GET"]}}],"collection":[{"href":"https:\/\/upculture.pt\/en\/wp-json\/wp\/v2\/pages"}],"about":[{"href":"https:\/\/upculture.pt\/en\/wp-json\/wp\/v2\/types\/page"}],"author":[{"embeddable":true,"href":"https:\/\/upculture.pt\/en\/wp-json\/wp\/v2\/users\/1"}],"replies":[{"embeddable":true,"href":"https:\/\/upculture.pt\/en\/wp-json\/wp\/v2\/comments?post=600"}],"version-history":[{"count":11,"href":"https:\/\/upculture.pt\/en\/wp-json\/wp\/v2\/pages\/600\/revisions"}],"predecessor-version":[{"id":1412,"href":"https:\/\/upculture.pt\/en\/wp-json\/wp\/v2\/pages\/600\/revisions\/1412"}],"wp:attachment":[{"href":"https:\/\/upculture.pt\/en\/wp-json\/wp\/v2\/media?parent=600"}],"curies":[{"name":"wp","href":"https:\/\/api.w.org\/{rel}","templated":true}]}}